{"id":14,"date":"2025-10-21T09:00:10","date_gmt":"2025-10-21T09:00:10","guid":{"rendered":"https:\/\/surfguideshossegor.com\/?page_id=14"},"modified":"2025-10-21T13:07:41","modified_gmt":"2025-10-21T13:07:41","slug":"legal-information","status":"publish","type":"page","link":"https:\/\/surfguideshossegor.com\/en\/legal-information\/","title":{"rendered":"Legal information"},"content":{"rendered":"<div data-elementor-type=\"wp-page\" data-elementor-id=\"14\" class=\"elementor elementor-14\" data-elementor-post-type=\"page\">\n\t\t\t\t<div class=\"elementor-element elementor-element-8b25437 e-flex e-con-boxed e-con e-parent\" data-id=\"8b25437\" data-element_type=\"container\" data-e-type=\"container\">\n\t\t\t\t\t<div class=\"e-con-inner\">\n\t\t\t\t<div class=\"elementor-element elementor-element-c587122 elementor-widget elementor-widget-heading\" data-id=\"c587122\" data-element_type=\"widget\" data-e-type=\"widget\" data-widget_type=\"heading.default\">\n\t\t\t\t\t<h1 class=\"elementor-heading-title elementor-size-default\">Legal information<\/h1>\t\t\t\t<\/div>\n\t\t<div class=\"elementor-element elementor-element-74a5d87 e-con-full e-flex e-con e-child\" data-id=\"74a5d87\" data-element_type=\"container\" data-e-type=\"container\">\n\t\t\t\t<div class=\"elementor-element elementor-element-f0f2008 elementor-widget elementor-widget-heading\" data-id=\"f0f2008\" data-element_type=\"widget\" data-e-type=\"widget\" data-widget_type=\"heading.default\">\n\t\t\t\t\t<h2 class=\"elementor-heading-title elementor-size-default\">Editorial responsibility\n<\/h2>\t\t\t\t<\/div>\n\t\t\t\t<div class=\"elementor-element elementor-element-fae19ef elementor-widget elementor-widget-text-editor\" data-id=\"fae19ef\" data-element_type=\"widget\" data-e-type=\"widget\" data-widget_type=\"text-editor.default\">\n\t\t\t\t\t\t\t\t\t<p>Mr Tutenuit Raphael is the editorial manager of the surfguideshossegor.com website.<\/p>\t\t\t\t\t\t\t\t<\/div>\n\t\t\t\t<div class=\"elementor-element elementor-element-503aacb elementor-widget elementor-widget-heading\" data-id=\"503aacb\" data-element_type=\"widget\" data-e-type=\"widget\" data-widget_type=\"heading.default\">\n\t\t\t\t\t<h2 class=\"elementor-heading-title elementor-size-default\">Company\n<\/h2>\t\t\t\t<\/div>\n\t\t\t\t<div class=\"elementor-element elementor-element-19d9cd6 elementor-widget elementor-widget-text-editor\" data-id=\"19d9cd6\" data-element_type=\"widget\" data-e-type=\"widget\" data-widget_type=\"text-editor.default\">\n\t\t\t\t\t\t\t\t\t<p>Tutenuit Rapahel<br \/>2248 Avenue de Bordeaux<br \/>Villa 2<br \/>40150 Soorts-Hossegor<br \/>SIRET: 791 357 890 00031<\/p>\t\t\t\t\t\t\t\t<\/div>\n\t\t\t\t<div class=\"elementor-element elementor-element-688fe84 elementor-widget elementor-widget-heading\" data-id=\"688fe84\" data-element_type=\"widget\" data-e-type=\"widget\" data-widget_type=\"heading.default\">\n\t\t\t\t\t<h2 class=\"elementor-heading-title elementor-size-default\">Directed by\n<\/h2>\t\t\t\t<\/div>\n\t\t\t\t<div class=\"elementor-element elementor-element-194a82d elementor-widget elementor-widget-text-editor\" data-id=\"194a82d\" data-element_type=\"widget\" data-e-type=\"widget\" data-widget_type=\"text-editor.default\">\n\t\t\t\t\t\t\t\t\t<p>Topicimes - WordPress agency<br \/>3 Avenue Ren\u00e9 Laennec<br \/>72000 Le Mans<br \/>Telephone: 07 56 83 87 77<br \/><span style=\"text-decoration: underline;\"><a href=\"https:\/\/topicimes.pro\/\" target=\"_blank\" rel=\"noopener\">https:\/\/topicimes.pro\/<\/a><\/span><\/p>\t\t\t\t\t\t\t\t<\/div>\n\t\t\t\t<div class=\"elementor-element elementor-element-b5fdad8 elementor-widget elementor-widget-heading\" data-id=\"b5fdad8\" data-element_type=\"widget\" data-e-type=\"widget\" data-widget_type=\"heading.default\">\n\t\t\t\t\t<h2 class=\"elementor-heading-title elementor-size-default\">Host<\/h2>\t\t\t\t<\/div>\n\t\t\t\t<div class=\"elementor-element elementor-element-6fc3678 elementor-widget elementor-widget-text-editor\" data-id=\"6fc3678\" data-element_type=\"widget\" data-e-type=\"widget\" data-widget_type=\"text-editor.default\">\n\t\t\t\t\t\t\t\t\t<p>Kinsta Inc.<br \/>Clarkesville, GA 30523<br \/>United States<br \/>legal@kinsta.com<\/p>\t\t\t\t\t\t\t\t<\/div>\n\t\t\t\t<\/div>\n\t\t\t\t\t<\/div>\n\t\t\t\t<\/div>\n\t\t\t\t<\/div>","protected":false},"excerpt":{"rendered":"<p>Legal information Editorial responsibility Mr Tutenuit Raphael is the editorial director of the surfguideshossegor.com website Soci\u00e9t\u00e9 Tutenuit Rapahel2248 Avenue de BordeauxVilla 240150 Soorts-HossegorSIRET : 791 357 890 00031 R\u00e9alisation Topicimes - Agence WordPress3 Avenue Ren\u00e9 Laennec72000 Le MansT\u00e9l\u00e9phone : 07 56 83 87 77https:\/\/topicimes.pro\/ Host Kinsta Inc.Clarkesville, GA 30523United Stateslegal@kinsta.com<\/p>","protected":false},"author":1,"featured_media":0,"parent":0,"menu_order":0,"comment_status":"closed","ping_status":"closed","template":"","meta":{"footnotes":""},"class_list":["post-14","page","type-page","status-publish","hentry"],"_links":{"self":[{"href":"https:\/\/surfguideshossegor.com\/en\/wp-json\/wp\/v2\/pages\/14","targetHints":{"allow":["GET"]}}],"collection":[{"href":"https:\/\/surfguideshossegor.com\/en\/wp-json\/wp\/v2\/pages"}],"about":[{"href":"https:\/\/surfguideshossegor.com\/en\/wp-json\/wp\/v2\/types\/page"}],"author":[{"embeddable":true,"href":"https:\/\/surfguideshossegor.com\/en\/wp-json\/wp\/v2\/users\/1"}],"replies":[{"embeddable":true,"href":"https:\/\/surfguideshossegor.com\/en\/wp-json\/wp\/v2\/comments?post=14"}],"version-history":[{"count":0,"href":"https:\/\/surfguideshossegor.com\/en\/wp-json\/wp\/v2\/pages\/14\/revisions"}],"wp:attachment":[{"href":"https:\/\/surfguideshossegor.com\/en\/wp-json\/wp\/v2\/media?parent=14"}],"curies":[{"name":"wp","href":"https:\/\/api.w.org\/{rel}","templated":true}]}}